{"id":187,"date":"2021-08-20T23:28:23","date_gmt":"2021-08-20T22:28:23","guid":{"rendered":"http:\/\/conectars.net.br\/?page_id=187"},"modified":"2021-11-25T02:26:21","modified_gmt":"2021-11-25T02:26:21","slug":"contratos-manuais","status":"publish","type":"page","link":"https:\/\/conectars.net.br\/index.php\/contratos-manuais\/","title":{"rendered":"CONTRATOS &#038; MANUAIS"},"content":{"rendered":"\n<p>Segue em anexo para download, nosso contratos e manuais.<\/p>\n\n\n\n<ul class=\"wp-block-list\"><li><strong><a rel=\"noreferrer noopener\" href=\"https:\/\/conectars.net.br\/wp-content\/uploads\/2021\/09\/CONECTA_RS_Manual_de_Usuario.pdf\" target=\"_blank\">MANUAL DE USU\u00c1RIO<\/a>;<\/strong><\/li><li><a rel=\"noreferrer noopener\" href=\"https:\/\/conectars.net.br\/wp-content\/uploads\/2021\/08\/PUA_ConectaRS.pdf\" target=\"_blank\"><strong>POL\u00cdTICA DE USO ACEIT\u00c1VEL<\/strong>;<\/a><\/li><li><strong><a href=\"https:\/\/conectars.net.br\/wp-content\/uploads\/2021\/11\/Politica_privacidade.pdf\" target=\"_blank\" rel=\"noreferrer noopener\">POL\u00cdTICA DE PRIVACIDADE E SEGURAN\u00c7A;<\/a><\/strong><\/li><li><strong><a rel=\"noreferrer noopener\" href=\"https:\/\/conectars.net.br\/wp-content\/uploads\/2021\/08\/CONTRATO_SERVICOS.pdf\" target=\"_blank\">CONTRATO;<\/a><\/strong><ul><li><a rel=\"noreferrer noopener\" href=\"https:\/\/conectars.net.br\/wp-content\/uploads\/2021\/08\/CONTRATO_SERVICOS.pdf\" target=\"_blank\">Documento;<\/a><\/li><li><a rel=\"noreferrer noopener\" href=\"https:\/\/conectars.net.br\/wp-content\/uploads\/2021\/08\/CONTRATO_REGISTRO.pdf\" target=\"_blank\">Requerimento;<\/a><\/li><\/ul><\/li><\/ul>\n\n\n\n<p><\/p>\n","protected":false},"excerpt":{"rendered":"<p>Segue em anexo para download, nosso contratos e manuais. MANUAL DE USU\u00c1RIO; POL\u00cdTICA DE USO ACEIT\u00c1VEL; POL\u00cdTICA DE PRIVACIDADE E SEGURAN\u00c7A; CONTRATO; Documento; Requerimento;<\/p>\n","protected":false},"author":1,"featured_media":0,"parent":0,"menu_order":0,"comment_status":"closed","ping_status":"closed","template":"","meta":{"_joinchat":[],"footnotes":""},"class_list":["post-187","page","type-page","status-publish","hentry"],"_links":{"self":[{"href":"https:\/\/conectars.net.br\/index.php\/wp-json\/wp\/v2\/pages\/187","targetHints":{"allow":["GET"]}}],"collection":[{"href":"https:\/\/conectars.net.br\/index.php\/wp-json\/wp\/v2\/pages"}],"about":[{"href":"https:\/\/conectars.net.br\/index.php\/wp-json\/wp\/v2\/types\/page"}],"author":[{"embeddable":true,"href":"https:\/\/conectars.net.br\/index.php\/wp-json\/wp\/v2\/users\/1"}],"replies":[{"embeddable":true,"href":"https:\/\/conectars.net.br\/index.php\/wp-json\/wp\/v2\/comments?post=187"}],"version-history":[{"count":5,"href":"https:\/\/conectars.net.br\/index.php\/wp-json\/wp\/v2\/pages\/187\/revisions"}],"predecessor-version":[{"id":220,"href":"https:\/\/conectars.net.br\/index.php\/wp-json\/wp\/v2\/pages\/187\/revisions\/220"}],"wp:attachment":[{"href":"https:\/\/conectars.net.br\/index.php\/wp-json\/wp\/v2\/media?parent=187"}],"curies":[{"name":"wp","href":"https:\/\/api.w.org\/{rel}","templated":true}]}}