{"id":24,"date":"2019-04-20T04:20:50","date_gmt":"2019-04-20T03:20:50","guid":{"rendered":"http:\/\/conectars.net.br\/index.php\/mesmerize\/"},"modified":"2026-03-30T02:35:09","modified_gmt":"2026-03-30T01:35:09","slug":"mesmerize","status":"publish","type":"page","link":"https:\/\/conectars.net.br\/","title":{"rendered":"Front Page"},"content":{"rendered":"<div  id=\"overlappable-1\" data-label=\"Overlappable\" data-id=\"overlappable-7-mc\" data-export-id=\"overlappable-7-mc\" data-category=\"overlappable\" class=\"overlappable-7-mc content-section content-section-spacing\" data-overlap=\"true\"><div  class=\"gridContainer\"> <div  data-type=\"row\" class=\"row shadow\"><div  class=\"col-xs-12 col-sm-6 col-md-3 col-padding-small col-padding-small-xs bg-color-white\"> <div  class=\"text-center\"><div  class=\"col-xs-12 col-sm-fit space-bottom-small-xs\"> <a  data-cp-link=\"1\" href=\"#\" target=\"_self\" rel=\"noopener noreferrer\"><i  class=\"fa icon color-black fa-tachometer large\"><\/i><\/a><\/div> <div  data-type=\"column\" class=\"col-xs-12 col-sm\"><h4  class=\"\">Internet Veloz<\/h4> <p  class=\"\">Planos de Alta velocidades.<\/p><\/div> <\/div><\/div> <div  class=\"col-xs-12 col-sm-6 col-md-3 col-padding-small col-padding-small-xs bg-color-white\"><div  class=\"text-center\"> <div  class=\"col-xs-12 col-sm-fit space-bottom-small-xs\"><i  class=\"fa icon color-black fa-volume-control-phone large\"><\/i><\/div> <div  data-type=\"column\" class=\"col-xs-12 col-sm\"><h4  class=\"\">Voip<\/h4> <p  class=\"\">Servi\u00e7o de voz sobre IP, para clientes corporativos.<\/p><\/div> <\/div><\/div> <div  class=\"col-xs-12 col-sm-6 col-md-3 col-padding-small col-padding-small-xs bg-color-white\"><div  class=\"text-center\"> <div  class=\"col-xs-12 col-sm-fit space-bottom-small-xs\"><i  class=\"fa icon color-black fa-sitemap large\"><\/i><\/div> <div  data-type=\"column\" class=\"col-xs-12 col-sm\"><h4  class=\"\">Projetos de Infraestrutura<\/h4> <p  class=\"\">Projetos de cabeamento e interliga\u00e7\u00f5es multi ponto.<\/p><\/div> <\/div><\/div> <div  class=\"col-xs-12 col-sm-6 col-md-3 col-padding-small col-padding-small-xs bg-color-white\"><div  class=\"text-center\"> <div  class=\"col-xs-12 col-sm-fit space-bottom-small-xs\"><i  class=\"fa icon color-black fa-bar-chart-o large\"><\/i><\/div> <div  data-type=\"column\" class=\"col-xs-12 col-sm\"><h4  class=\"\">Economize&nbsp;<\/h4> <p  class=\"\">Contrate nossos planos com combos e streamers de TV exclusivos para nossos clientes.<\/p><\/div> <\/div><\/div> <\/div><\/div> <\/div><div  id=\"about-1\" style=\"background-color: #ffffff;\" data-label=\"About\" data-id=\"about-images-right-section-mc\" data-export-id=\"about-images-right-section-mc\" data-category=\"about\" class=\"about-images-right-section content-section content-section-spacing\"><div  class=\"gridContainer\"> <div  class=\"row middle-sm text-center\"><div  class=\"col-sm-5 content-left-sm\" data-type=\"column\"> <h5  class=\"\">Solu\u00e7\u00f5es em Telecom<\/h5> <h2  class=\"\">Qualidade,<br > <span  style=\"font-family: Playfair Display,sans-serif; font-weight: 700; font-style: italic;\" href=\"#\">Confiabilidade,\n<\/span>Agilidade<\/h2> <p  class=\"\">Miss\u00e3o<br >Oferecer servi\u00e7os e produtos que  atendam as necessidades de nossos clientes com efici\u00eancia, qualidade e responsabilidade. Al\u00e9m de ajudar no crescimento de nossos colaboradores, parceiros e da comunidade na qual estamos inseridos.\n<\/p> <\/div> <div  class=\"col-sm-7 space-bottom-xs\"><div  class=\"image-group-side-3-img\"> <img  decoding=\"async\" class=\"topimg shadow-large\" src=\"https:\/\/conectars.net.br\/wp-content\/uploads\/2019\/04\/cropped-3.jpg\" alt=\"\" title=\"cropped-3.jpg\"> <img  decoding=\"async\" class=\"rightimg shadow-large\" src=\"https:\/\/conectars.net.br\/wp-content\/uploads\/2019\/04\/cropped-7.jpg\" alt=\"\" title=\"cropped-7.jpg\"> <div  class=\"leftimg\"> <img  decoding=\"async\" class=\"shadow-large\" src=\"https:\/\/conectars.net.br\/wp-content\/uploads\/2019\/04\/cropped-1.jpg\" alt=\"\" title=\"cropped-1.jpg\"><\/div> <\/div><\/div> <\/div><\/div> <\/div><div  id=\"features-10\" style=\"background-color: #f5fafd;\" data-label=\"Features\" data-id=\"features-16-card-bordered\" data-export-id=\"features-16-card-bordered\" data-category=\"features\" class=\"features-16-card-bordered content-section content-section-spacing\"><div  class=\"gridContainer\"> <div  class=\"row text-center\"><div  class=\"section-title-col\" data-type=\"column\"> <h2  class=\"\">Conecta RS Solu\u00e7\u00f5es em TI<\/h2> <p  class=\"lead\">A Conecta trabalha no processo de comercializa\u00e7\u00e3o de produtos e servi\u00e7os de pequenas e m\u00e9dias empresas, com um mix diversificado de servi\u00e7os direcionados \u00e0 pessoas f\u00edsicas e jur\u00eddicas<\/p><\/div> <\/div> <div  class=\"row spaced-cols\" data-type=\"row\"> <div  class=\"col-xs-12 col-sm-6 col-md-4\"> <div  class=\"card no-padding bordered y-move\"> <img  decoding=\"async\" class=\"face\" src=\"https:\/\/conectars.net.br\/wp-content\/plugins\/mesmerize-companion\/theme-data\/mesmerize\/sections\/images\/computer-2569652.jpg\"> <div  data-type=\"column\" class=\"col-padding-small col-padding-small-xs description-container\"> <h4  class=\"font-500\">Planos de Internet<\/h4> <p  class=\"\">* Planos Residenciais \u2013 100Mbps a 2gbps&nbsp;;\n<br >* Planos Corporativos \u2013 100Mbps a 2gbps ;<\/p><\/div> <div  data-type=\"column\" class=\"col-padding-small col-padding-small-xs read-more-container\"><\/div> <\/div><\/div><div  class=\"col-xs-12 col-sm-6 col-md-4\"><div  class=\"card no-padding bordered y-move\"> <img  decoding=\"async\" class=\"face\" src=\"https:\/\/conectars.net.br\/wp-content\/uploads\/2019\/04\/cropped-8.jpg\" alt=\"\" title=\"cropped-8.jpg\"> <div  data-type=\"column\" class=\"col-padding-small col-padding-small-xs description-container\"> <h4  class=\"font-500\">Projetos de Infraestrutura<\/h4> <p  class=\"\">Cabeamento estruturado para empreendimentos corporativos e comerciais.<\/p><\/div> <div  data-type=\"column\" class=\"col-padding-small col-padding-small-xs read-more-container\"><\/div> <\/div><\/div>   <div  class=\"col-xs-12 col-sm-6 col-md-4\"> <div  class=\"card no-padding bordered y-move\"> <img  decoding=\"async\" class=\"face\" src=\"https:\/\/conectars.net.br\/wp-content\/uploads\/2019\/04\/cropped-9.png\" alt=\"\" title=\"cropped-9.png\"> <div  data-type=\"column\" class=\"col-padding-small col-padding-small-xs description-container\"> <h4  class=\"font-500\">Link Dedicados<\/h4> <p  class=\"\">Link dedicados para seu projeto.\n<br >Consulte nossa equipe e veja as rotas disponiveis.<\/p><\/div> <div  data-type=\"column\" class=\"col-padding-small col-padding-small-xs read-more-container\"><\/div> <\/div><\/div><\/div><\/div> <\/div><div  id=\"cta-1\" data-label=\"Cta\" data-id=\"cta-blue-section\" data-export-id=\"cta-blue-section\" data-category=\"cta\" class=\"cta-blue-section content-section content-section-spacing-medium bg-color1 white-text\"><div  class=\"gridContainer\"> <div  class=\"row middle-xs\"><div  class=\"col-sm-8 space-bottom-xs\" data-type=\"column\"> <h2  class=\"\">Entre em contato e solicite uma an\u00e1lise.&nbsp;<\/h2> <p  class=\"lead\"><\/p><p  class=\"MsoFooter\" align=\"center\" style=\"text-align: center;\">Conecta RS Solu\u00e7\u00f5es\nem TI<o  :p=\"\"><\/o><\/p>\n\n<p  class=\"MsoFooter\" align=\"center\" style=\"text-align: center;\">Rua Eva Kuhn (esquina\ncom BR 386 KM 411), s\/n, Bairro Vendinha \u2013 Triunfo\/RS<o  :p=\"\"><\/o><\/p>\n\n<p  class=\"MsoFooter\" align=\"center\" style=\"text-align: center;\">Tel.: 51\n4042-1883&nbsp;&nbsp;\n<br >Whats: 51 99551 1026<br >E-mail: <a  href=\"mailto:sac@conectars.net.br\">sac@conectars.net.br<\/a><\/p><\/div> <div  class=\"col-sm-4 end-sm\" data-type=\"column\"> <a  class=\"button color2\" href=\"https:\/\/wa.me\/555195511026?text=Oi%20Preciso%20de%20um%20auxilio\" target=\"_blank\" data-cp-link=\"1\" rel=\"noopener noreferrer\">WhatsApp<\/a><\/div> <\/div><\/div> <\/div>","protected":false},"excerpt":{"rendered":"<p>Internet Veloz Planos de Alta velocidades. Voip Servi\u00e7o de voz sobre IP, para clientes corporativos. Projetos de Infraestrutura Projetos de cabeamento e interliga\u00e7\u00f5es multi ponto. Economize&nbsp; Contrate nossos planos com combos e streamers de TV exclusivos para nossos clientes. Solu\u00e7\u00f5es em Telecom Qualidade, Confiabilidade, Agilidade Miss\u00e3oOferecer servi\u00e7os e produtos que atendam as necessidades de nossos&hellip; <br \/> <a class=\"read-more\" href=\"https:\/\/conectars.net.br\/\">Leia mais<\/a><\/p>\n","protected":false},"author":1,"featured_media":0,"parent":0,"menu_order":0,"comment_status":"closed","ping_status":"closed","template":"page-templates\/homepage.php","meta":{"_joinchat":[],"footnotes":""},"class_list":["post-24","page","type-page","status-publish","hentry"],"_links":{"self":[{"href":"https:\/\/conectars.net.br\/index.php\/wp-json\/wp\/v2\/pages\/24","targetHints":{"allow":["GET"]}}],"collection":[{"href":"https:\/\/conectars.net.br\/index.php\/wp-json\/wp\/v2\/pages"}],"about":[{"href":"https:\/\/conectars.net.br\/index.php\/wp-json\/wp\/v2\/types\/page"}],"author":[{"embeddable":true,"href":"https:\/\/conectars.net.br\/index.php\/wp-json\/wp\/v2\/users\/1"}],"replies":[{"embeddable":true,"href":"https:\/\/conectars.net.br\/index.php\/wp-json\/wp\/v2\/comments?post=24"}],"version-history":[{"count":43,"href":"https:\/\/conectars.net.br\/index.php\/wp-json\/wp\/v2\/pages\/24\/revisions"}],"predecessor-version":[{"id":279,"href":"https:\/\/conectars.net.br\/index.php\/wp-json\/wp\/v2\/pages\/24\/revisions\/279"}],"wp:attachment":[{"href":"https:\/\/conectars.net.br\/index.php\/wp-json\/wp\/v2\/media?parent=24"}],"curies":[{"name":"wp","href":"https:\/\/api.w.org\/{rel}","templated":true}]}}